{"id":1253,"date":"2026-04-22T18:04:09","date_gmt":"2026-04-22T21:04:09","guid":{"rendered":"https:\/\/picrono.com.br\/home\/?page_id=1253"},"modified":"2026-04-22T18:15:25","modified_gmt":"2026-04-22T21:15:25","slug":"pontuacao","status":"publish","type":"page","link":"https:\/\/picrono.com.br\/home\/pontuacao\/","title":{"rendered":"Pontua\u00e7\u00e3o por Circuito"},"content":{"rendered":"<div class=\"wpb-content-wrapper\"><p>[vc_row full_width=&#8221;stretch_row_content_no_spaces&#8221;][vc_column][vc_raw_html css=&#8221;&#8221;]JTNDZGl2JTIwc3R5bGUlM0QlMjJtYXJnaW4lM0EwJTNCcGFkZGluZyUzQTAlM0J3aWR0aCUzQTEwMCUyNSUzQmhlaWdodCUzQTEwMHZoJTNCbWluLWhlaWdodCUzQTEwMHZoJTNCJTIyJTNFJTBBJTIwJTIwJTNDaWZyYW1lJTBBJTIwJTIwJTIwJTIwc3JjJTNEJTIyaHR0cHMlM0ElMkYlMkZhZG1pbi5waWNyb25vLmNvbS5iciUyRnJlc3VsdGFkb3MlMjIlMEElMjAlMjAlMjAlMjB3aWR0aCUzRCUyMjEwMCUyNSUyMiUwQSUyMCUyMCUyMCUyMGhlaWdodCUzRCUyMjEwMCUyNSUyMiUwQSUyMCUyMCUyMCUyMHN0eWxlJTNEJTIyYm9yZGVyJTNBbm9uZSUzQmRpc3BsYXklM0FibG9jayUzQndpZHRoJTNBMTAwJTI1JTNCaGVpZ2h0JTNBMTAwdmglM0JtaW4taGVpZ2h0JTNBMTAwdmglM0IlMjIlMEElMjAlMjAlMjAlMjBhbGxvd2Z1bGxzY3JlZW4lMEElMjAlMjAlMjAlMjBsb2FkaW5nJTNEJTIybGF6eSUyMiUzRSUwQSUyMCUyMCUzQyUyRmlmcmFtZSUzRSUwQSUzQyUyRmRpdiUzRQ==[\/vc_raw_html][\/vc_column][\/vc_row]<\/p>\n<\/div>","protected":false},"excerpt":{"rendered":"<p>[vc_row full_width=&#8221;stretch_row_content_no_spaces&#8221;][vc_column][vc_raw_html css=&#8221;&#8221;]JTNDZGl2JTIwc3R5bGUlM0QlMjJtYXJnaW4lM0EwJTNCcGFkZGluZyUzQTAlM0J3aWR0aCUzQTEwMCUyNSUzQmhlaWdodCUzQTEwMHZoJTNCbWluLWhlaWdodCUzQTEwMHZoJTNCJTIyJTNFJTBBJTIwJTIwJTNDaWZyYW1lJTBBJTIwJTIwJTIwJTIwc3JjJTNEJTIyaHR0cHMlM0ElMkYlMkZhZG1pbi5waWNyb25vLmNvbS5iciUyRnJlc3VsdGFkb3MlMjIlMEElMjAlMjAlMjAlMjB3aWR0aCUzRCUyMjEwMCUyNSUyMiUwQSUyMCUyMCUyMCUyMGhlaWdodCUzRCUyMjEwMCUyNSUyMiUwQSUyMCUyMCUyMCUyMHN0eWxlJTNEJTIyYm9yZGVyJTNBbm9uZSUzQmRpc3BsYXklM0FibG9jayUzQndpZHRoJTNBMTAwJTI1JTNCaGVpZ2h0JTNBMTAwdmglM0JtaW4taGVpZ2h0JTNBMTAwdmglM0IlMjIlMEElMjAlMjAlMjAlMjBhbGxvd2Z1bGxzY3JlZW4lMEElMjAlMjAlMjAlMjBsb2FkaW5nJTNEJTIybGF6eSUyMiUzRSUwQSUyMCUyMCUzQyUyRmlmcmFtZSUzRSUwQSUzQyUyRmRpdiUzRQ==[\/vc_raw_html][\/vc_column][\/vc_row]<\/p>\n","protected":false},"author":1,"featured_media":0,"parent":0,"menu_order":0,"comment_status":"closed","ping_status":"closed","template":"","meta":{"footnotes":""},"class_list":["post-1253","page","type-page","status-publish","hentry","description-off"],"yoast_head":"<!-- This site is optimized with the Yoast SEO plugin v27.2 - https:\/\/yoast.com\/product\/yoast-seo-wordpress\/ -->\n<title>Pontua\u00e7\u00e3o por Circuito - PICRONO - Cronometragem Esportiva de Precis\u00e3o<\/title>\n<meta name=\"robots\" content=\"index, follow, max-snippet:-1, max-image-preview:large, max-video-preview:-1\" \/>\n<link rel=\"canonical\" href=\"https:\/\/picrono.com.br\/home\/pontuacao\/\" \/>\n<meta property=\"og:locale\" content=\"pt_BR\" \/>\n<meta property=\"og:type\" content=\"article\" \/>\n<meta property=\"og:title\" content=\"Pontua\u00e7\u00e3o por Circuito - PICRONO - Cronometragem Esportiva de Precis\u00e3o\" \/>\n<meta property=\"og:description\" content=\"[vc_row full_width=&#8221;stretch_row_content_no_spaces&#8221;][vc_column][vc_raw_html css=&#8221;&#8221;]JTNDZGl2JTIwc3R5bGUlM0QlMjJtYXJnaW4lM0EwJTNCcGFkZGluZyUzQTAlM0J3aWR0aCUzQTEwMCUyNSUzQmhlaWdodCUzQTEwMHZoJTNCbWluLWhlaWdodCUzQTEwMHZoJTNCJTIyJTNFJTBBJTIwJTIwJTNDaWZyYW1lJTBBJTIwJTIwJTIwJTIwc3JjJTNEJTIyaHR0cHMlM0ElMkYlMkZhZG1pbi5waWNyb25vLmNvbS5iciUyRnJlc3VsdGFkb3MlMjIlMEElMjAlMjAlMjAlMjB3aWR0aCUzRCUyMjEwMCUyNSUyMiUwQSUyMCUyMCUyMCUyMGhlaWdodCUzRCUyMjEwMCUyNSUyMiUwQSUyMCUyMCUyMCUyMHN0eWxlJTNEJTIyYm9yZGVyJTNBbm9uZSUzQmRpc3BsYXklM0FibG9jayUzQndpZHRoJTNBMTAwJTI1JTNCaGVpZ2h0JTNBMTAwdmglM0JtaW4taGVpZ2h0JTNBMTAwdmglM0IlMjIlMEElMjAlMjAlMjAlMjBhbGxvd2Z1bGxzY3JlZW4lMEElMjAlMjAlMjAlMjBsb2FkaW5nJTNEJTIybGF6eSUyMiUzRSUwQSUyMCUyMCUzQyUyRmlmcmFtZSUzRSUwQSUzQyUyRmRpdiUzRQ==[\/vc_raw_html][\/vc_column][\/vc_row]\" \/>\n<meta property=\"og:url\" content=\"https:\/\/picrono.com.br\/home\/pontuacao\/\" \/>\n<meta property=\"og:site_name\" content=\"PICRONO - Cronometragem Esportiva de Precis\u00e3o\" \/>\n<meta property=\"article:publisher\" content=\"https:\/\/www.instagram.com\/pi.crono\/\" \/>\n<meta property=\"article:modified_time\" content=\"2026-04-22T21:15:25+00:00\" \/>\n<meta property=\"og:image\" content=\"https:\/\/picrono.com.br\/home\/wp-content\/uploads\/2025\/10\/picrons.jpg\" \/>\n\t<meta property=\"og:image:width\" content=\"1027\" \/>\n\t<meta property=\"og:image:height\" content=\"578\" \/>\n\t<meta property=\"og:image:type\" content=\"image\/jpeg\" \/>\n<meta name=\"twitter:card\" content=\"summary_large_image\" \/>\n<meta name=\"twitter:label1\" content=\"Est. tempo de leitura\" \/>\n\t<meta name=\"twitter:data1\" content=\"1 minuto\" \/>\n<script type=\"application\/ld+json\" class=\"yoast-schema-graph\">{\"@context\":\"https:\/\/schema.org\",\"@graph\":[{\"@type\":\"WebPage\",\"@id\":\"https:\/\/picrono.com.br\/home\/pontuacao\/\",\"url\":\"https:\/\/picrono.com.br\/home\/pontuacao\/\",\"name\":\"Pontua\u00e7\u00e3o por Circuito - PICRONO - Cronometragem Esportiva de Precis\u00e3o\",\"isPartOf\":{\"@id\":\"https:\/\/picrono.com.br\/home\/#website\"},\"datePublished\":\"2026-04-22T21:04:09+00:00\",\"dateModified\":\"2026-04-22T21:15:25+00:00\",\"breadcrumb\":{\"@id\":\"https:\/\/picrono.com.br\/home\/pontuacao\/#breadcrumb\"},\"inLanguage\":\"pt-BR\",\"potentialAction\":[{\"@type\":\"ReadAction\",\"target\":[\"https:\/\/picrono.com.br\/home\/pontuacao\/\"]}]},{\"@type\":\"BreadcrumbList\",\"@id\":\"https:\/\/picrono.com.br\/home\/pontuacao\/#breadcrumb\",\"itemListElement\":[{\"@type\":\"ListItem\",\"position\":1,\"name\":\"In\u00edcio\",\"item\":\"https:\/\/picrono.com.br\/home\/\"},{\"@type\":\"ListItem\",\"position\":2,\"name\":\"Pontua\u00e7\u00e3o por Circuito\"}]},{\"@type\":\"WebSite\",\"@id\":\"https:\/\/picrono.com.br\/home\/#website\",\"url\":\"https:\/\/picrono.com.br\/home\/\",\"name\":\"PICRONO - Cronometragem Esportiva de Precis\u00e3o\",\"description\":\"Resultados online. Corrida, Bike e Nata\u00e7\u00e3o.\",\"publisher\":{\"@id\":\"https:\/\/picrono.com.br\/home\/#organization\"},\"alternateName\":\"Resultados online. Corrida, Bike e Nata\u00e7\u00e3o.\",\"potentialAction\":[{\"@type\":\"SearchAction\",\"target\":{\"@type\":\"EntryPoint\",\"urlTemplate\":\"https:\/\/picrono.com.br\/home\/?s={search_term_string}\"},\"query-input\":{\"@type\":\"PropertyValueSpecification\",\"valueRequired\":true,\"valueName\":\"search_term_string\"}}],\"inLanguage\":\"pt-BR\"},{\"@type\":\"Organization\",\"@id\":\"https:\/\/picrono.com.br\/home\/#organization\",\"name\":\"PICRONO - Cronometragem Esportiva de Precis\u00e3o\",\"alternateName\":\"Resultados online. Corrida, Bike e Nata\u00e7\u00e3o.\",\"url\":\"https:\/\/picrono.com.br\/home\/\",\"logo\":{\"@type\":\"ImageObject\",\"inLanguage\":\"pt-BR\",\"@id\":\"https:\/\/picrono.com.br\/home\/#\/schema\/logo\/image\/\",\"url\":\"https:\/\/picrono.com.br\/home\/wp-content\/uploads\/2025\/10\/cropped-favicon.png\",\"contentUrl\":\"https:\/\/picrono.com.br\/home\/wp-content\/uploads\/2025\/10\/cropped-favicon.png\",\"width\":512,\"height\":512,\"caption\":\"PICRONO - Cronometragem Esportiva de Precis\u00e3o\"},\"image\":{\"@id\":\"https:\/\/picrono.com.br\/home\/#\/schema\/logo\/image\/\"},\"sameAs\":[\"https:\/\/www.instagram.com\/pi.crono\/\"]}]}<\/script>\n<!-- \/ Yoast SEO plugin. -->","yoast_head_json":{"title":"Pontua\u00e7\u00e3o por Circuito - PICRONO - Cronometragem Esportiva de Precis\u00e3o","robots":{"index":"index","follow":"follow","max-snippet":"max-snippet:-1","max-image-preview":"max-image-preview:large","max-video-preview":"max-video-preview:-1"},"canonical":"https:\/\/picrono.com.br\/home\/pontuacao\/","og_locale":"pt_BR","og_type":"article","og_title":"Pontua\u00e7\u00e3o por Circuito - PICRONO - Cronometragem Esportiva de Precis\u00e3o","og_description":"[vc_row full_width=&#8221;stretch_row_content_no_spaces&#8221;][vc_column][vc_raw_html css=&#8221;&#8221;]JTNDZGl2JTIwc3R5bGUlM0QlMjJtYXJnaW4lM0EwJTNCcGFkZGluZyUzQTAlM0J3aWR0aCUzQTEwMCUyNSUzQmhlaWdodCUzQTEwMHZoJTNCbWluLWhlaWdodCUzQTEwMHZoJTNCJTIyJTNFJTBBJTIwJTIwJTNDaWZyYW1lJTBBJTIwJTIwJTIwJTIwc3JjJTNEJTIyaHR0cHMlM0ElMkYlMkZhZG1pbi5waWNyb25vLmNvbS5iciUyRnJlc3VsdGFkb3MlMjIlMEElMjAlMjAlMjAlMjB3aWR0aCUzRCUyMjEwMCUyNSUyMiUwQSUyMCUyMCUyMCUyMGhlaWdodCUzRCUyMjEwMCUyNSUyMiUwQSUyMCUyMCUyMCUyMHN0eWxlJTNEJTIyYm9yZGVyJTNBbm9uZSUzQmRpc3BsYXklM0FibG9jayUzQndpZHRoJTNBMTAwJTI1JTNCaGVpZ2h0JTNBMTAwdmglM0JtaW4taGVpZ2h0JTNBMTAwdmglM0IlMjIlMEElMjAlMjAlMjAlMjBhbGxvd2Z1bGxzY3JlZW4lMEElMjAlMjAlMjAlMjBsb2FkaW5nJTNEJTIybGF6eSUyMiUzRSUwQSUyMCUyMCUzQyUyRmlmcmFtZSUzRSUwQSUzQyUyRmRpdiUzRQ==[\/vc_raw_html][\/vc_column][\/vc_row]","og_url":"https:\/\/picrono.com.br\/home\/pontuacao\/","og_site_name":"PICRONO - Cronometragem Esportiva de Precis\u00e3o","article_publisher":"https:\/\/www.instagram.com\/pi.crono\/","article_modified_time":"2026-04-22T21:15:25+00:00","og_image":[{"width":1027,"height":578,"url":"https:\/\/picrono.com.br\/home\/wp-content\/uploads\/2025\/10\/picrons.jpg","type":"image\/jpeg"}],"twitter_card":"summary_large_image","twitter_misc":{"Est. tempo de leitura":"1 minuto"},"schema":{"@context":"https:\/\/schema.org","@graph":[{"@type":"WebPage","@id":"https:\/\/picrono.com.br\/home\/pontuacao\/","url":"https:\/\/picrono.com.br\/home\/pontuacao\/","name":"Pontua\u00e7\u00e3o por Circuito - PICRONO - Cronometragem Esportiva de Precis\u00e3o","isPartOf":{"@id":"https:\/\/picrono.com.br\/home\/#website"},"datePublished":"2026-04-22T21:04:09+00:00","dateModified":"2026-04-22T21:15:25+00:00","breadcrumb":{"@id":"https:\/\/picrono.com.br\/home\/pontuacao\/#breadcrumb"},"inLanguage":"pt-BR","potentialAction":[{"@type":"ReadAction","target":["https:\/\/picrono.com.br\/home\/pontuacao\/"]}]},{"@type":"BreadcrumbList","@id":"https:\/\/picrono.com.br\/home\/pontuacao\/#breadcrumb","itemListElement":[{"@type":"ListItem","position":1,"name":"In\u00edcio","item":"https:\/\/picrono.com.br\/home\/"},{"@type":"ListItem","position":2,"name":"Pontua\u00e7\u00e3o por Circuito"}]},{"@type":"WebSite","@id":"https:\/\/picrono.com.br\/home\/#website","url":"https:\/\/picrono.com.br\/home\/","name":"PICRONO - Cronometragem Esportiva de Precis\u00e3o","description":"Resultados online. Corrida, Bike e Nata\u00e7\u00e3o.","publisher":{"@id":"https:\/\/picrono.com.br\/home\/#organization"},"alternateName":"Resultados online. Corrida, Bike e Nata\u00e7\u00e3o.","potentialAction":[{"@type":"SearchAction","target":{"@type":"EntryPoint","urlTemplate":"https:\/\/picrono.com.br\/home\/?s={search_term_string}"},"query-input":{"@type":"PropertyValueSpecification","valueRequired":true,"valueName":"search_term_string"}}],"inLanguage":"pt-BR"},{"@type":"Organization","@id":"https:\/\/picrono.com.br\/home\/#organization","name":"PICRONO - Cronometragem Esportiva de Precis\u00e3o","alternateName":"Resultados online. Corrida, Bike e Nata\u00e7\u00e3o.","url":"https:\/\/picrono.com.br\/home\/","logo":{"@type":"ImageObject","inLanguage":"pt-BR","@id":"https:\/\/picrono.com.br\/home\/#\/schema\/logo\/image\/","url":"https:\/\/picrono.com.br\/home\/wp-content\/uploads\/2025\/10\/cropped-favicon.png","contentUrl":"https:\/\/picrono.com.br\/home\/wp-content\/uploads\/2025\/10\/cropped-favicon.png","width":512,"height":512,"caption":"PICRONO - Cronometragem Esportiva de Precis\u00e3o"},"image":{"@id":"https:\/\/picrono.com.br\/home\/#\/schema\/logo\/image\/"},"sameAs":["https:\/\/www.instagram.com\/pi.crono\/"]}]}},"_links":{"self":[{"href":"https:\/\/picrono.com.br\/home\/wp-json\/wp\/v2\/pages\/1253","targetHints":{"allow":["GET"]}}],"collection":[{"href":"https:\/\/picrono.com.br\/home\/wp-json\/wp\/v2\/pages"}],"about":[{"href":"https:\/\/picrono.com.br\/home\/wp-json\/wp\/v2\/types\/page"}],"author":[{"embeddable":true,"href":"https:\/\/picrono.com.br\/home\/wp-json\/wp\/v2\/users\/1"}],"replies":[{"embeddable":true,"href":"https:\/\/picrono.com.br\/home\/wp-json\/wp\/v2\/comments?post=1253"}],"version-history":[{"count":9,"href":"https:\/\/picrono.com.br\/home\/wp-json\/wp\/v2\/pages\/1253\/revisions"}],"predecessor-version":[{"id":1263,"href":"https:\/\/picrono.com.br\/home\/wp-json\/wp\/v2\/pages\/1253\/revisions\/1263"}],"wp:attachment":[{"href":"https:\/\/picrono.com.br\/home\/wp-json\/wp\/v2\/media?parent=1253"}],"curies":[{"name":"wp","href":"https:\/\/api.w.org\/{rel}","templated":true}]}}